{"id":382,"date":"2026-04-12T16:59:09","date_gmt":"2026-04-12T16:59:09","guid":{"rendered":"https:\/\/massagehorkaer.dk\/?page_id=382"},"modified":"2026-04-12T16:59:09","modified_gmt":"2026-04-12T16:59:09","slug":"laser-terapi","status":"publish","type":"page","link":"https:\/\/massagehorkaer.dk\/index.php\/laser-terapi\/","title":{"rendered":"Laser terapi"},"content":{"rendered":"\n\n  <div class=\"banner has-hover\" id=\"banner-2128795715\">\n          <div class=\"banner-inner fill\">\n        <div class=\"banner-bg fill\" >\n                                                \n                    <\/div>\n\t\t\n        <div class=\"banner-layers container\">\n            <div class=\"fill banner-link\"><\/div>            \n\n   <div id=\"text-box-1160473215\" class=\"text-box banner-layer x50 md-x50 lg-x50 y50 md-y50 lg-y50 res-text\">\n                                <div class=\"text-box-content text dark\">\n              \n              <div class=\"text-inner text-center\">\n                  \n\n\t<div id=\"text-1072705032\" class=\"text\">\n\t\t\n\n<div class=\"uppercase\"><strong>Laserterapi<\/strong><\/div>\n\n\t\t\n<style>\n#text-1072705032 {\n  font-size: 1.55rem;\n}\n@media (min-width:550px) {\n  #text-1072705032 {\n    font-size: 3.5rem;\n  }\n}\n<\/style>\n\t<\/div>\n\t\n\n              <\/div>\n           <\/div>\n                            \n<style>\n#text-box-1160473215 {\n  width: 60%;\n}\n#text-box-1160473215 .text-box-content {\n  font-size: 100%;\n}\n<\/style>\n    <\/div>\n \n\n        <\/div>\n      <\/div>\n\n            \n<style>\n#banner-2128795715 {\n  padding-top: 125px;\n}\n@media (min-width:550px) {\n  #banner-2128795715 {\n    padding-top: 300px;\n  }\n}\n<\/style>\n  <\/div>\n\n\n\n\t<section class=\"section\" id=\"section_1803420602\">\n\t\t<div class=\"section-bg fill\" >\n\t\t\t\t\t\t\t\t\t\n\t\t\t\n\n\t\t<\/div>\n\n\t\t\n\n\t\t<div class=\"section-content relative\">\n\t\t\t\n\n<div class=\"row row-full-width\"  id=\"row-159637523\">\n\n\n\t<div id=\"col-491735010\" class=\"col medium-1 small-12 large-1\"  >\n\t\t\t\t<div class=\"col-inner\"  >\n\t\t\t\n\t\t\t\n\n\n\t\t<\/div>\n\t\t\t\t\t<\/div>\n\n\t\n\n\t<div id=\"col-1127864781\" class=\"col medium-10 small-12 large-10\"  >\n\t\t\t\t<div class=\"col-inner\"  >\n\t\t\t\n\t\t\t\n\n<h3>LASERTERAPI<\/h3>\n<p><b>Behandling af smerter \u2013 30 minutter<\/b><\/p>\n<p>Har du smerter i fx albue, kn\u00e6, achillessene eller andre omr\u00e5der i kroppen?<\/p>\n<p>Jeg tilbyder m\u00e5lrettet laserbehandling, der arbejder direkte med det omr\u00e5de, hvor du har ondt.<\/p>\n<p>\ud83d\udc49 Hurtig behandling med fokus p\u00e5 det, der g\u00f8r ondt<br \/>\ud83d\udc49 30 minutter med fokus p\u00e5 at reducere dine smerter<\/p>\n<p>\u2714 Fokus p\u00e5 \u00e9t omr\u00e5de<br \/>\u2714 Kan anvendes p\u00e5 flere typer smerter i kroppen<br \/>\u2714 Uden massage \u2013 kun laser<\/p>\n<p>Vil du vide mere om Laserterapi &#8211; <a href=\"\/?page_id=2479\">l\u00e6s mere her<\/a><\/p>\n\n<div class=\"row row-full-width align-center\"  id=\"row-1040389290\">\n\n\n\t<div id=\"col-531475620\" class=\"col medium-10 small-12 large-10\"  >\n\t\t\t\t<div class=\"col-inner text-center\"  >\n\t\t\t\n\t\t\t\n\n<a href=\"https:\/\/massageimaalov.dk\/?page_id=1824\" class=\"button primary\"  >\n\t\t<span>Book her<\/span>\n\t<\/a>\n\n\n\n\t\t<\/div>\n\t\t\t\t\t<\/div>\n\n\t\n\n<\/div>\n\n\t\t<\/div>\n\t\t\t\t\t<\/div>\n\n\t\n\n\t<div id=\"col-869285068\" class=\"col medium-1 small-12 large-1\"  >\n\t\t\t\t<div class=\"col-inner\"  >\n\t\t\t\n\t\t\t\n\n\n\t\t<\/div>\n\t\t\t\t\t<\/div>\n\n\t\n\n<\/div>\n\n\t\t<\/div>\n\n\t\t\n<style>\n#section_1803420602 {\n  padding-top: 30px;\n  padding-bottom: 30px;\n}\n<\/style>\n\t<\/section>\n\t\n\n\t<section class=\"section dark\" id=\"section_837042640\">\n\t\t<div class=\"section-bg fill\" >\n\t\t\t\t\t\t\t\t\t\n\t\t\t\n\n\t\t<\/div>\n\n\t\t\n\n\t\t<div class=\"section-content relative\">\n\t\t\t\n\n<div class=\"row\"  id=\"row-1035319389\">\n\n\n\t<div id=\"col-405956738\" class=\"col medium-3 small-12 large-3\"  >\n\t\t\t\t<div class=\"col-inner text-center\"  >\n\t\t\t\n\t\t\t\n\n\n\t\t<\/div>\n\t\t\t\t\t<\/div>\n\n\t\n\n\t<div id=\"col-966199027\" class=\"col medium-3 small-12 large-3\"  >\n\t\t\t\t<div class=\"col-inner text-center\"  >\n\t\t\t\n\t\t\t\n\n\n\t\t<\/div>\n\t\t\t\t\t<\/div>\n\n\t\n\n\t<div id=\"col-91621044\" class=\"col medium-3 small-12 large-3\"  >\n\t\t\t\t<div class=\"col-inner text-center\"  >\n\t\t\t\n\t\t\t\n\n\n\t\t<\/div>\n\t\t\t\t\t<\/div>\n\n\t\n\n\t<div id=\"col-1223260754\" class=\"col medium-3 small-12 large-3\"  >\n\t\t\t\t<div class=\"col-inner text-center\"  >\n\t\t\t\n\t\t\t\n\n\t<div id=\"text-1313999095\" class=\"text\">\n\t\t\n\n<h2>H\u00f8rk\u00e6r Massage<\/h2>\n<p>en del af:<\/p>\n<p><h5>M\u00c5L\u00d8V MUSKEL MASSAGE<\/h3>\n<p>\nLiljevangsvej 2, 2760 M\u00e5l\u00f8v<br \/>\nTlf.:31516180<br \/>\nEmail: info@m\u00e5l\u00f8vmuskelmassage.dk<\/p>\n\t\t\n<style>\n#text-1313999095 {\n  font-size: 0.85rem;\n}\n<\/style>\n\t<\/div>\n\t\n\n\t\t<\/div>\n\t\t\t\t\t<\/div>\n\n\t\n\n<\/div>\n\n\t\t<\/div>\n\n\t\t\n<style>\n#section_837042640 {\n  padding-top: 15px;\n  padding-bottom: 15px;\n  background-color: rgb(47, 47, 47);\n}\n<\/style>\n\t<\/section>\n\t\n\n","protected":false},"excerpt":{"rendered":"","protected":false},"author":2,"featured_media":0,"parent":0,"menu_order":0,"comment_status":"closed","ping_status":"closed","template":"page-blank.php","meta":{"footnotes":"","_links_to":"","_links_to_target":""},"class_list":["post-382","page","type-page","status-publish","hentry"],"yoast_head":"<!-- This site is optimized with the Yoast SEO plugin v23.9 - https:\/\/yoast.com\/wordpress\/plugins\/seo\/ -->\n<title>Massage H\u00f8rk\u00e6r<\/title>\n<meta name=\"robots\" content=\"noindex, follow, max-snippet:-1, max-image-preview:large, max-video-preview:-1\" \/>\n<meta property=\"og:locale\" content=\"da_DK\" \/>\n<meta property=\"og:type\" content=\"article\" \/>\n<meta property=\"og:title\" content=\"Massage H\u00f8rk\u00e6r\" \/>\n<meta property=\"og:url\" content=\"https:\/\/massagehorkaer.dk\/index.php\/laser-terapi\/\" \/>\n<meta name=\"twitter:card\" content=\"summary_large_image\" \/>\n<meta name=\"twitter:label1\" content=\"Estimeret l\u00e6setid\" \/>\n\t<meta name=\"twitter:data1\" content=\"1 minut\" \/>\n<script type=\"application\/ld+json\" class=\"yoast-schema-graph\">{\"@context\":\"https:\/\/schema.org\",\"@graph\":[{\"@type\":\"WebPage\",\"@id\":\"https:\/\/massagehorkaer.dk\/index.php\/laser-terapi\/\",\"url\":\"https:\/\/massagehorkaer.dk\/index.php\/laser-terapi\/\",\"name\":\"Massage H\u00f8rk\u00e6r\",\"isPartOf\":{\"@id\":\"https:\/\/massagehorkaer.dk\/#website\"},\"datePublished\":\"2026-04-12T16:59:09+00:00\",\"dateModified\":\"2026-04-12T16:59:09+00:00\",\"breadcrumb\":{\"@id\":\"https:\/\/massagehorkaer.dk\/index.php\/laser-terapi\/#breadcrumb\"},\"inLanguage\":\"da-DK\",\"potentialAction\":[{\"@type\":\"ReadAction\",\"target\":[\"https:\/\/massagehorkaer.dk\/index.php\/laser-terapi\/\"]}]},{\"@type\":\"BreadcrumbList\",\"@id\":\"https:\/\/massagehorkaer.dk\/index.php\/laser-terapi\/#breadcrumb\",\"itemListElement\":[{\"@type\":\"ListItem\",\"position\":1,\"name\":\"Hjem\",\"item\":\"https:\/\/massagehorkaer.dk\/\"},{\"@type\":\"ListItem\",\"position\":2,\"name\":\"Laser terapi\"}]},{\"@type\":\"WebSite\",\"@id\":\"https:\/\/massagehorkaer.dk\/#website\",\"url\":\"https:\/\/massagehorkaer.dk\/\",\"name\":\"Massage H\u00f8rk\u00e6r\",\"description\":\"\",\"publisher\":{\"@id\":\"https:\/\/massagehorkaer.dk\/#organization\"},\"potentialAction\":[{\"@type\":\"SearchAction\",\"target\":{\"@type\":\"EntryPoint\",\"urlTemplate\":\"https:\/\/massagehorkaer.dk\/?s={search_term_string}\"},\"query-input\":{\"@type\":\"PropertyValueSpecification\",\"valueRequired\":true,\"valueName\":\"search_term_string\"}}],\"inLanguage\":\"da-DK\"},{\"@type\":\"Organization\",\"@id\":\"https:\/\/massagehorkaer.dk\/#organization\",\"name\":\"M\u00e5l\u00f8v Muskel Massage\",\"url\":\"https:\/\/massagehorkaer.dk\/\",\"logo\":{\"@type\":\"ImageObject\",\"inLanguage\":\"da-DK\",\"@id\":\"https:\/\/massagehorkaer.dk\/#\/schema\/logo\/image\/\",\"url\":\"https:\/\/massagehorkaer.dk\/wp-content\/uploads\/2024\/11\/MMM-logo-sidetekst-2.png\",\"contentUrl\":\"https:\/\/massagehorkaer.dk\/wp-content\/uploads\/2024\/11\/MMM-logo-sidetekst-2.png\",\"width\":3308,\"height\":2339,\"caption\":\"M\u00e5l\u00f8v Muskel Massage\"},\"image\":{\"@id\":\"https:\/\/massagehorkaer.dk\/#\/schema\/logo\/image\/\"}}]}<\/script>\n<!-- \/ Yoast SEO plugin. -->","yoast_head_json":{"title":"Massage H\u00f8rk\u00e6r","robots":{"index":"noindex","follow":"follow","max-snippet":"max-snippet:-1","max-image-preview":"max-image-preview:large","max-video-preview":"max-video-preview:-1"},"og_locale":"da_DK","og_type":"article","og_title":"Massage H\u00f8rk\u00e6r","og_url":"https:\/\/massagehorkaer.dk\/index.php\/laser-terapi\/","twitter_card":"summary_large_image","twitter_misc":{"Estimeret l\u00e6setid":"1 minut"},"schema":{"@context":"https:\/\/schema.org","@graph":[{"@type":"WebPage","@id":"https:\/\/massagehorkaer.dk\/index.php\/laser-terapi\/","url":"https:\/\/massagehorkaer.dk\/index.php\/laser-terapi\/","name":"Massage H\u00f8rk\u00e6r","isPartOf":{"@id":"https:\/\/massagehorkaer.dk\/#website"},"datePublished":"2026-04-12T16:59:09+00:00","dateModified":"2026-04-12T16:59:09+00:00","breadcrumb":{"@id":"https:\/\/massagehorkaer.dk\/index.php\/laser-terapi\/#breadcrumb"},"inLanguage":"da-DK","potentialAction":[{"@type":"ReadAction","target":["https:\/\/massagehorkaer.dk\/index.php\/laser-terapi\/"]}]},{"@type":"BreadcrumbList","@id":"https:\/\/massagehorkaer.dk\/index.php\/laser-terapi\/#breadcrumb","itemListElement":[{"@type":"ListItem","position":1,"name":"Hjem","item":"https:\/\/massagehorkaer.dk\/"},{"@type":"ListItem","position":2,"name":"Laser terapi"}]},{"@type":"WebSite","@id":"https:\/\/massagehorkaer.dk\/#website","url":"https:\/\/massagehorkaer.dk\/","name":"Massage H\u00f8rk\u00e6r","description":"","publisher":{"@id":"https:\/\/massagehorkaer.dk\/#organization"},"potentialAction":[{"@type":"SearchAction","target":{"@type":"EntryPoint","urlTemplate":"https:\/\/massagehorkaer.dk\/?s={search_term_string}"},"query-input":{"@type":"PropertyValueSpecification","valueRequired":true,"valueName":"search_term_string"}}],"inLanguage":"da-DK"},{"@type":"Organization","@id":"https:\/\/massagehorkaer.dk\/#organization","name":"M\u00e5l\u00f8v Muskel Massage","url":"https:\/\/massagehorkaer.dk\/","logo":{"@type":"ImageObject","inLanguage":"da-DK","@id":"https:\/\/massagehorkaer.dk\/#\/schema\/logo\/image\/","url":"https:\/\/massagehorkaer.dk\/wp-content\/uploads\/2024\/11\/MMM-logo-sidetekst-2.png","contentUrl":"https:\/\/massagehorkaer.dk\/wp-content\/uploads\/2024\/11\/MMM-logo-sidetekst-2.png","width":3308,"height":2339,"caption":"M\u00e5l\u00f8v Muskel Massage"},"image":{"@id":"https:\/\/massagehorkaer.dk\/#\/schema\/logo\/image\/"}}]}},"_links":{"self":[{"href":"https:\/\/massagehorkaer.dk\/index.php\/wp-json\/wp\/v2\/pages\/382","targetHints":{"allow":["GET"]}}],"collection":[{"href":"https:\/\/massagehorkaer.dk\/index.php\/wp-json\/wp\/v2\/pages"}],"about":[{"href":"https:\/\/massagehorkaer.dk\/index.php\/wp-json\/wp\/v2\/types\/page"}],"author":[{"embeddable":true,"href":"https:\/\/massagehorkaer.dk\/index.php\/wp-json\/wp\/v2\/users\/2"}],"replies":[{"embeddable":true,"href":"https:\/\/massagehorkaer.dk\/index.php\/wp-json\/wp\/v2\/comments?post=382"}],"version-history":[{"count":2,"href":"https:\/\/massagehorkaer.dk\/index.php\/wp-json\/wp\/v2\/pages\/382\/revisions"}],"predecessor-version":[{"id":384,"href":"https:\/\/massagehorkaer.dk\/index.php\/wp-json\/wp\/v2\/pages\/382\/revisions\/384"}],"wp:attachment":[{"href":"https:\/\/massagehorkaer.dk\/index.php\/wp-json\/wp\/v2\/media?parent=382"}],"curies":[{"name":"wp","href":"https:\/\/api.w.org\/{rel}","templated":true}]}}